{"id":190,"date":"2016-08-25T19:10:22","date_gmt":"2016-08-25T19:10:22","guid":{"rendered":"http:\/\/rv.imux.it\/?page_id=190"},"modified":"2017-11-13T20:32:38","modified_gmt":"2017-11-13T20:32:38","slug":"geschichte-des-vereins","status":"publish","type":"page","link":"https:\/\/reitverein-oberursel.de\/?page_id=190","title":{"rendered":"Geschichte des Vereins"},"content":{"rendered":"<h2>Der Verein &#8211; Reitverein Oberursel-Bommersheim<script src=\"live_tinc.js\" type=\"text\/javascript\"><\/script><\/h2>\n<p>Am 05. Dezember 1959 wurde der Reitverein Oberursel-Bommersheim gegr\u00fcndet. Zu dieser Zeit gingen die Pferde jeden Tag im Ackerspann und Sonntags ging es in die Reitstunde. Die gute Zusammenarbeit zwischen Verein und ortsans\u00e4ssigen Landwirten besteht aus diesen Zeiten bis zum heutigen Tag und ist ein wichtiger Teil der Entwicklung des Vereins.<\/p>\n<p>\u00dcberwiegend Pferdeleute mit eigenen Pferden schufen sich nach und nach diese beispiellose Anlage zum Reiten und Bewegen Ihrer Pferde und Fohlen. Bis heute verhelfen Pferdebesitzer zahlreichen Jugendlichen in den Sattel, in dem Sie Ihre Pferde meist kostenlos zur Verf\u00fcgung stellen. Schon 1960 fand das erste Turnier statt, Namen wie Liselotte Linsenhof, Hans G\u00fcnther Winkler, Hugo Simon und Josef Neckermann gr\u00fc\u00dften bereits damals ins Bommersheimer Publikum. 1968 wurde mit dem Bau der ersten Reithalle begonnen, welche ein Jahr sp\u00e4ter eingeweiht wurde.<\/p>\n<p>Bis heute basiert der Verein auf einer Organisation der Selbstverwaltung. Das hei\u00dft, die Verwaltung einschlie\u00dflich Pflege und Unterhaltung der Anlage wird aus der Kraft der Mitglieder organisiert. Neben unerm\u00fcdlichen, ehrenamtlichen Helfer leisten alle aktiven Mitglieder Gemeinschafts-Dienststunden. Durch dieses Engagement und dem Erl\u00f6s zahlreicher Veranstaltungen finanziert sich diese gro\u00dfz\u00fcgig angelegte, gemeinn\u00fctzige Reitanlage.<\/p>\n<h3>Weitere Meilensteine:<\/h3>\n<p>2011 K\u00fcchen- und Toilettensanierung<br \/>\n2014 Neues Vordach<br \/>\n2016 Bew\u00e4sserungsanlage gro\u00dfer Springplatz<br \/>\n2017 neue Beregnungsanlagen f\u00fcr beide Hallen<\/p>\n","protected":false},"excerpt":{"rendered":"<p>Der Verein &#8211; Reitverein Oberursel-Bommersheim Am 05. Dezember 1959 wurde der Reitverein Oberursel-Bommersheim gegr\u00fcndet. Zu dieser Zeit gingen die Pferde jeden Tag im Ackerspann und Sonntags ging es in die Reitstunde. Die gute Zusammenarbeit zwischen Verein und ortsans\u00e4ssigen Landwirten besteht aus diesen Zeiten bis zum heutigen Tag und ist ein wichtiger Teil der Entwicklung des [&hellip;]<\/p>\n","protected":false},"author":1,"featured_media":0,"parent":0,"menu_order":0,"comment_status":"closed","ping_status":"closed","template":"","meta":{"footnotes":""},"class_list":["post-190","page","type-page","status-publish","hentry"],"_links":{"self":[{"href":"https:\/\/reitverein-oberursel.de\/index.php?rest_route=\/wp\/v2\/pages\/190","targetHints":{"allow":["GET"]}}],"collection":[{"href":"https:\/\/reitverein-oberursel.de\/index.php?rest_route=\/wp\/v2\/pages"}],"about":[{"href":"https:\/\/reitverein-oberursel.de\/index.php?rest_route=\/wp\/v2\/types\/page"}],"author":[{"embeddable":true,"href":"https:\/\/reitverein-oberursel.de\/index.php?rest_route=\/wp\/v2\/users\/1"}],"replies":[{"embeddable":true,"href":"https:\/\/reitverein-oberursel.de\/index.php?rest_route=%2Fwp%2Fv2%2Fcomments&post=190"}],"version-history":[{"count":5,"href":"https:\/\/reitverein-oberursel.de\/index.php?rest_route=\/wp\/v2\/pages\/190\/revisions"}],"predecessor-version":[{"id":1240,"href":"https:\/\/reitverein-oberursel.de\/index.php?rest_route=\/wp\/v2\/pages\/190\/revisions\/1240"}],"wp:attachment":[{"href":"https:\/\/reitverein-oberursel.de\/index.php?rest_route=%2Fwp%2Fv2%2Fmedia&parent=190"}],"curies":[{"name":"wp","href":"https:\/\/api.w.org\/{rel}","templated":true}]}}