{"id":1940,"date":"2019-10-24T04:39:13","date_gmt":"2019-10-24T06:39:13","guid":{"rendered":"http:\/\/reitverein-oberursel.de\/?page_id=1940"},"modified":"2025-04-11T05:16:08","modified_gmt":"2025-04-11T07:16:08","slug":"voltigieren-2","status":"publish","type":"page","link":"https:\/\/reitverein-oberursel.de\/?page_id=1940","title":{"rendered":"Voltigieren"},"content":{"rendered":"<p><img decoding=\"async\" src=\"http:\/\/reitverein-oberursel.de\/wp-content\/uploads\/2016\/08\/volti_start.jpg\" \/><\/p>\n<h2>Unsere Voltigiergruppen: Immer hoch hinaus<\/h2>\n<p>Im Verein sorgen unsere Voltigiergruppen f\u00fcr den ersten Spa\u00df am Sport mit dem Pferd. Unter der Anleitung von lizensierten Trainern und Trainerassistenten k\u00f6nnen Kinder und Jugendliche erste Erfahrungen auf dem R\u00fccken der Pferde machen.<\/p>\n<p>Voltigiert wird auf dem vereinseigenen Voltigierpferd &#8222;Fino&#8220;, sowie auf den von Mitgliedern zur Verf\u00fcgung gestellten Pferden und Ponies.<\/p>\n<p>Unsere Breitensportgruppe (6-16 Jahren) trainiert freitags von 16.15-17.30 Uhr (6-16 Jahren).<\/p>\n<p>Ausserdem hat unser Verein 2 Turniergruppen:<br \/>\nZwei Schrittgruppen trainieren montags von 15.45 Uhr &#8211; 17.45 Uhr.<\/p>\n<p>In den hessischen Schulferien finden keine Voltigierstunden statt.<\/p>\n<p>Bei Interesse oder Fragen wenden Sie sich bitte an Frau Nina Oster Email <a href=\"mailto:volti@reitverein-oberursel.de\">volti@reitverein-oberursel.de<\/a><\/p>\n<p>Aktuelle Bilder unserer Volti-Gruppe:<\/p>\n<p><img loading=\"lazy\" decoding=\"async\" class=\"aligncenter wp-image-3257 size-full\" src=\"https:\/\/reitverein-oberursel.de\/wp-content\/uploads\/2022\/06\/WhatsApp-Image-2022-06-14-at-10.46.40.jpeg\" alt=\"\" width=\"1156\" height=\"867\" srcset=\"https:\/\/reitverein-oberursel.de\/wp-content\/uploads\/2022\/06\/WhatsApp-Image-2022-06-14-at-10.46.40.jpeg 1156w, https:\/\/reitverein-oberursel.de\/wp-content\/uploads\/2022\/06\/WhatsApp-Image-2022-06-14-at-10.46.40-300x225.jpeg 300w, https:\/\/reitverein-oberursel.de\/wp-content\/uploads\/2022\/06\/WhatsApp-Image-2022-06-14-at-10.46.40-1024x768.jpeg 1024w, https:\/\/reitverein-oberursel.de\/wp-content\/uploads\/2022\/06\/WhatsApp-Image-2022-06-14-at-10.46.40-768x576.jpeg 768w\" sizes=\"auto, (max-width: 1156px) 100vw, 1156px\" \/><\/p>\n\n\t\t<style type=\"text\/css\">\n\t\t\t#gallery-1 {\n\t\t\t\tmargin: auto;\n\t\t\t}\n\t\t\t#gallery-1 .gallery-item {\n\t\t\t\tfloat: left;\n\t\t\t\tmargin-top: 10px;\n\t\t\t\ttext-align: center;\n\t\t\t\twidth: 33%;\n\t\t\t}\n\t\t\t#gallery-1 img {\n\t\t\t\tborder: 2px solid #cfcfcf;\n\t\t\t}\n\t\t\t#gallery-1 .gallery-caption {\n\t\t\t\tmargin-left: 0;\n\t\t\t}\n\t\t\t\/* see gallery_shortcode() in wp-includes\/media.php *\/\n\t\t<\/style>\n\t\t<div id='gallery-1' class='gallery galleryid-1940 gallery-columns-3 gallery-size-thumbnail'><dl class='gallery-item'>\n\t\t\t<dt class='gallery-icon landscape'>\n\t\t\t\t<a href='https:\/\/reitverein-oberursel.de\/?attachment_id=882'><img loading=\"lazy\" decoding=\"async\" width=\"150\" height=\"150\" src=\"https:\/\/reitverein-oberursel.de\/wp-content\/uploads\/2016\/08\/313_5LVWK-2015-000_00797-150x150.jpg\" class=\"attachment-thumbnail size-thumbnail\" alt=\"\" \/><\/a>\n\t\t\t<\/dt><\/dl><dl class='gallery-item'>\n\t\t\t<dt class='gallery-icon landscape'>\n\t\t\t\t<a href='https:\/\/reitverein-oberursel.de\/?attachment_id=883'><img loading=\"lazy\" decoding=\"async\" width=\"150\" height=\"150\" src=\"https:\/\/reitverein-oberursel.de\/wp-content\/uploads\/2016\/08\/313_5LVWK-2015-001_01022-150x150.jpg\" class=\"attachment-thumbnail size-thumbnail\" alt=\"\" \/><\/a>\n\t\t\t<\/dt><\/dl><dl class='gallery-item'>\n\t\t\t<dt class='gallery-icon landscape'>\n\t\t\t\t<a href='https:\/\/reitverein-oberursel.de\/?attachment_id=884'><img loading=\"lazy\" decoding=\"async\" width=\"150\" height=\"150\" src=\"https:\/\/reitverein-oberursel.de\/wp-content\/uploads\/2016\/08\/313_5LVWK-2015-001_01042-150x150.jpg\" class=\"attachment-thumbnail size-thumbnail\" alt=\"\" \/><\/a>\n\t\t\t<\/dt><\/dl><br style=\"clear: both\" \/><dl class='gallery-item'>\n\t\t\t<dt class='gallery-icon landscape'>\n\t\t\t\t<a href='https:\/\/reitverein-oberursel.de\/?attachment_id=885'><img loading=\"lazy\" decoding=\"async\" width=\"150\" height=\"150\" src=\"https:\/\/reitverein-oberursel.de\/wp-content\/uploads\/2016\/08\/313_5LVWK-2015-001_01055-150x150.jpg\" class=\"attachment-thumbnail size-thumbnail\" alt=\"\" \/><\/a>\n\t\t\t<\/dt><\/dl><dl class='gallery-item'>\n\t\t\t<dt class='gallery-icon landscape'>\n\t\t\t\t<a href='https:\/\/reitverein-oberursel.de\/?attachment_id=886'><img loading=\"lazy\" decoding=\"async\" width=\"150\" height=\"150\" src=\"https:\/\/reitverein-oberursel.de\/wp-content\/uploads\/2016\/08\/313_5LVWK-2015-001_01065-150x150.jpg\" class=\"attachment-thumbnail size-thumbnail\" alt=\"\" \/><\/a>\n\t\t\t<\/dt><\/dl><dl class='gallery-item'>\n\t\t\t<dt class='gallery-icon landscape'>\n\t\t\t\t<a href='https:\/\/reitverein-oberursel.de\/?attachment_id=887'><img loading=\"lazy\" decoding=\"async\" width=\"150\" height=\"150\" src=\"https:\/\/reitverein-oberursel.de\/wp-content\/uploads\/2016\/08\/313_5LVWK-2015-001_01119-150x150.jpg\" class=\"attachment-thumbnail size-thumbnail\" alt=\"\" \/><\/a>\n\t\t\t<\/dt><\/dl><br style=\"clear: both\" \/><dl class='gallery-item'>\n\t\t\t<dt class='gallery-icon landscape'>\n\t\t\t\t<a href='https:\/\/reitverein-oberursel.de\/?attachment_id=888'><img loading=\"lazy\" decoding=\"async\" width=\"150\" height=\"150\" src=\"https:\/\/reitverein-oberursel.de\/wp-content\/uploads\/2016\/08\/DSCN7243-150x150.jpg\" class=\"attachment-thumbnail size-thumbnail\" alt=\"\" \/><\/a>\n\t\t\t<\/dt><\/dl><dl class='gallery-item'>\n\t\t\t<dt class='gallery-icon landscape'>\n\t\t\t\t<a href='https:\/\/reitverein-oberursel.de\/?attachment_id=889'><img loading=\"lazy\" decoding=\"async\" width=\"150\" height=\"150\" src=\"https:\/\/reitverein-oberursel.de\/wp-content\/uploads\/2016\/08\/DSK_0010-150x150.jpg\" class=\"attachment-thumbnail size-thumbnail\" alt=\"\" \/><\/a>\n\t\t\t<\/dt><\/dl><dl class='gallery-item'>\n\t\t\t<dt class='gallery-icon landscape'>\n\t\t\t\t<a href='https:\/\/reitverein-oberursel.de\/?attachment_id=890'><img loading=\"lazy\" decoding=\"async\" width=\"150\" height=\"150\" src=\"https:\/\/reitverein-oberursel.de\/wp-content\/uploads\/2016\/08\/DSK_0024-150x150.jpg\" class=\"attachment-thumbnail size-thumbnail\" alt=\"\" \/><\/a>\n\t\t\t<\/dt><\/dl><br style=\"clear: both\" \/><dl class='gallery-item'>\n\t\t\t<dt class='gallery-icon landscape'>\n\t\t\t\t<a href='https:\/\/reitverein-oberursel.de\/?attachment_id=891'><img loading=\"lazy\" decoding=\"async\" width=\"150\" height=\"150\" src=\"https:\/\/reitverein-oberursel.de\/wp-content\/uploads\/2016\/08\/DSK_0038-150x150.jpg\" class=\"attachment-thumbnail size-thumbnail\" alt=\"\" \/><\/a>\n\t\t\t<\/dt><\/dl><dl class='gallery-item'>\n\t\t\t<dt class='gallery-icon landscape'>\n\t\t\t\t<a href='https:\/\/reitverein-oberursel.de\/?attachment_id=892'><img loading=\"lazy\" decoding=\"async\" width=\"150\" height=\"150\" src=\"https:\/\/reitverein-oberursel.de\/wp-content\/uploads\/2016\/08\/DSK_0052-150x150.jpg\" class=\"attachment-thumbnail size-thumbnail\" alt=\"\" \/><\/a>\n\t\t\t<\/dt><\/dl><dl class='gallery-item'>\n\t\t\t<dt class='gallery-icon landscape'>\n\t\t\t\t<a href='https:\/\/reitverein-oberursel.de\/?attachment_id=893'><img loading=\"lazy\" decoding=\"async\" width=\"150\" height=\"150\" src=\"https:\/\/reitverein-oberursel.de\/wp-content\/uploads\/2016\/08\/DSK_0083-150x150.jpg\" class=\"attachment-thumbnail size-thumbnail\" alt=\"\" \/><\/a>\n\t\t\t<\/dt><\/dl><br style=\"clear: both\" \/><dl class='gallery-item'>\n\t\t\t<dt class='gallery-icon landscape'>\n\t\t\t\t<a href='https:\/\/reitverein-oberursel.de\/?attachment_id=894'><img loading=\"lazy\" decoding=\"async\" width=\"150\" height=\"150\" src=\"https:\/\/reitverein-oberursel.de\/wp-content\/uploads\/2016\/08\/DSK_0092-150x150.jpg\" class=\"attachment-thumbnail size-thumbnail\" alt=\"\" \/><\/a>\n\t\t\t<\/dt><\/dl><dl class='gallery-item'>\n\t\t\t<dt class='gallery-icon landscape'>\n\t\t\t\t<a href='https:\/\/reitverein-oberursel.de\/?attachment_id=895'><img loading=\"lazy\" decoding=\"async\" width=\"150\" height=\"150\" src=\"https:\/\/reitverein-oberursel.de\/wp-content\/uploads\/2016\/08\/DSK_0101-150x150.jpg\" class=\"attachment-thumbnail size-thumbnail\" alt=\"\" \/><\/a>\n\t\t\t<\/dt><\/dl><dl class='gallery-item'>\n\t\t\t<dt class='gallery-icon landscape'>\n\t\t\t\t<a href='https:\/\/reitverein-oberursel.de\/?attachment_id=896'><img loading=\"lazy\" decoding=\"async\" width=\"150\" height=\"150\" src=\"https:\/\/reitverein-oberursel.de\/wp-content\/uploads\/2016\/08\/DSK_0142-150x150.jpg\" class=\"attachment-thumbnail size-thumbnail\" alt=\"\" \/><\/a>\n\t\t\t<\/dt><\/dl><br style=\"clear: both\" \/><dl class='gallery-item'>\n\t\t\t<dt class='gallery-icon landscape'>\n\t\t\t\t<a href='https:\/\/reitverein-oberursel.de\/?attachment_id=897'><img loading=\"lazy\" decoding=\"async\" width=\"150\" height=\"150\" src=\"https:\/\/reitverein-oberursel.de\/wp-content\/uploads\/2016\/08\/DSK_9995-150x150.jpg\" class=\"attachment-thumbnail size-thumbnail\" alt=\"\" \/><\/a>\n\t\t\t<\/dt><\/dl><dl class='gallery-item'>\n\t\t\t<dt class='gallery-icon landscape'>\n\t\t\t\t<a href='https:\/\/reitverein-oberursel.de\/?attachment_id=898'><img loading=\"lazy\" decoding=\"async\" width=\"150\" height=\"150\" src=\"https:\/\/reitverein-oberursel.de\/wp-content\/uploads\/2016\/08\/IMG_8589-150x150.jpg\" class=\"attachment-thumbnail size-thumbnail\" alt=\"\" \/><\/a>\n\t\t\t<\/dt><\/dl>\n\t\t\t<br style='clear: both' \/>\n\t\t<\/div>\n\n","protected":false},"excerpt":{"rendered":"<p>Unsere Voltigiergruppen: Immer hoch hinaus Im Verein sorgen unsere Voltigiergruppen f\u00fcr den ersten Spa\u00df am Sport mit dem Pferd. Unter der Anleitung von lizensierten Trainern und Trainerassistenten k\u00f6nnen Kinder und Jugendliche erste Erfahrungen auf dem R\u00fccken der Pferde machen. Voltigiert wird auf dem vereinseigenen Voltigierpferd &#8222;Fino&#8220;, sowie auf den von Mitgliedern zur Verf\u00fcgung gestellten Pferden [&hellip;]<\/p>\n","protected":false},"author":1,"featured_media":0,"parent":0,"menu_order":0,"comment_status":"closed","ping_status":"closed","template":"","meta":{"footnotes":""},"class_list":["post-1940","page","type-page","status-publish","hentry"],"_links":{"self":[{"href":"https:\/\/reitverein-oberursel.de\/index.php?rest_route=\/wp\/v2\/pages\/1940","targetHints":{"allow":["GET"]}}],"collection":[{"href":"https:\/\/reitverein-oberursel.de\/index.php?rest_route=\/wp\/v2\/pages"}],"about":[{"href":"https:\/\/reitverein-oberursel.de\/index.php?rest_route=\/wp\/v2\/types\/page"}],"author":[{"embeddable":true,"href":"https:\/\/reitverein-oberursel.de\/index.php?rest_route=\/wp\/v2\/users\/1"}],"replies":[{"embeddable":true,"href":"https:\/\/reitverein-oberursel.de\/index.php?rest_route=%2Fwp%2Fv2%2Fcomments&post=1940"}],"version-history":[{"count":11,"href":"https:\/\/reitverein-oberursel.de\/index.php?rest_route=\/wp\/v2\/pages\/1940\/revisions"}],"predecessor-version":[{"id":4596,"href":"https:\/\/reitverein-oberursel.de\/index.php?rest_route=\/wp\/v2\/pages\/1940\/revisions\/4596"}],"wp:attachment":[{"href":"https:\/\/reitverein-oberursel.de\/index.php?rest_route=%2Fwp%2Fv2%2Fmedia&parent=1940"}],"curies":[{"name":"wp","href":"https:\/\/api.w.org\/{rel}","templated":true}]}}