{"id":236,"date":"2016-08-25T19:45:54","date_gmt":"2016-08-25T19:45:54","guid":{"rendered":"http:\/\/rv.imux.it\/?page_id=236"},"modified":"2026-01-27T15:45:26","modified_gmt":"2026-01-27T17:45:26","slug":"impressum","status":"publish","type":"page","link":"https:\/\/reitverein-oberursel.de\/?page_id=236","title":{"rendered":"Impressum"},"content":{"rendered":"<p><strong>Angaben gem\u00e4\u00df \u00a7 5 TMG:<\/strong><\/p>\n<h2>Verantwortlich f\u00fcr den Inhalt<\/h2>\n<p>RuFV St.Georg Oberursel-Bommersheim<\/p>\n<p><strong>Postanschrift:<\/strong><br \/>Postfach 12 87<br \/>61402 Oberursel<\/p>\n<p><strong>Kontakt:<br \/><\/strong>E-Mail: <a href=\"mailto:vorsitzende@reitverein-oberursel.de\">vorsitzende@reitverein-oberursel.de<\/a><\/p>\n<p><strong>Vertreten durch:<\/strong><\/p>\n<p>Melanie H\u00e4u\u00dfer<\/p>\n<p>Hessen Amtsgericht Bad Homburg v.d.H.<br \/>VR 392<br \/><strong>Steuer-Nummer<\/strong><\/p>\n<p>0325022242<\/p>\n<h2>\u00a0<\/h2>\n<h3><span class=\"headline\"><br \/>Verweise und Links<\/span><\/h3>\n<p>Bei direkten oder indirekten Verweisen auf fremde Webseiten, die au\u00dferhalb des Verantwortungsbereiches des Autors liegen, w\u00fcrde eine Haftungsverpflichtung ausschlie\u00dflich in dem Fall in Kraft treten, in dem der Autor von den Inhalten Kenntnis hat und es ihm technisch m\u00f6glich und zumutbar w\u00e4re, die Nutzung im Falle rechtswidriger Inhalte zu verhindern. Der Autor erkl\u00e4rt hiermit ausdr\u00fccklich, dass zum Zeitpunkt der Linksetzung keine illegalen Inhalte auf den zu verlinkenden Seiten erkennbar waren. Auf die aktuelle und zuk\u00fcnftige Gestaltung, die Inhalte oder die Urheberschaft der gelinkten\/verkn\u00fcpften Seiten hat der Autor keinerlei Einfluss. Deshalb distanziert er sich hiermit ausdr\u00fccklich von allen Inhalten aller gelinkten Seiten, die nach der Linksetzung ver\u00e4ndert wurden.<br \/>F\u00fcr illegale, fehlerhafte oder unvollst\u00e4ndige Inhalte und insbesondere f\u00fcr Sch\u00e4den, die aus der Nutzung oder Nichtnutzung solcherart dargebotener Informationen entstehen, haftet allein der Anbieter der Seite, auf welche verwiesen wurde, nicht derjenige, der \u00fcber Links auf die jeweilige Ver\u00f6ffentlichung lediglich verweist.<\/p>\n\n","protected":false},"excerpt":{"rendered":"<p>Angaben gem\u00e4\u00df \u00a7 5 TMG: Verantwortlich f\u00fcr den Inhalt RuFV St.Georg Oberursel-Bommersheim Postanschrift:Postfach 12 8761402 Oberursel Kontakt:E-Mail: vorsitzende@reitverein-oberursel.de Vertreten durch: Melanie H\u00e4u\u00dfer Hessen Amtsgericht Bad Homburg v.d.H.VR 392Steuer-Nummer 0325022242 \u00a0 Verweise und Links Bei direkten oder indirekten Verweisen auf fremde Webseiten, die au\u00dferhalb des Verantwortungsbereiches des Autors liegen, w\u00fcrde eine Haftungsverpflichtung ausschlie\u00dflich in dem Fall [&hellip;]<\/p>\n","protected":false},"author":1,"featured_media":0,"parent":0,"menu_order":0,"comment_status":"closed","ping_status":"closed","template":"","meta":{"footnotes":""},"class_list":["post-236","page","type-page","status-publish","hentry"],"_links":{"self":[{"href":"https:\/\/reitverein-oberursel.de\/index.php?rest_route=\/wp\/v2\/pages\/236","targetHints":{"allow":["GET"]}}],"collection":[{"href":"https:\/\/reitverein-oberursel.de\/index.php?rest_route=\/wp\/v2\/pages"}],"about":[{"href":"https:\/\/reitverein-oberursel.de\/index.php?rest_route=\/wp\/v2\/types\/page"}],"author":[{"embeddable":true,"href":"https:\/\/reitverein-oberursel.de\/index.php?rest_route=\/wp\/v2\/users\/1"}],"replies":[{"embeddable":true,"href":"https:\/\/reitverein-oberursel.de\/index.php?rest_route=%2Fwp%2Fv2%2Fcomments&post=236"}],"version-history":[{"count":21,"href":"https:\/\/reitverein-oberursel.de\/index.php?rest_route=\/wp\/v2\/pages\/236\/revisions"}],"predecessor-version":[{"id":5025,"href":"https:\/\/reitverein-oberursel.de\/index.php?rest_route=\/wp\/v2\/pages\/236\/revisions\/5025"}],"wp:attachment":[{"href":"https:\/\/reitverein-oberursel.de\/index.php?rest_route=%2Fwp%2Fv2%2Fmedia&parent=236"}],"curies":[{"name":"wp","href":"https:\/\/api.w.org\/{rel}","templated":true}]}}