{"id":239,"date":"2016-08-25T19:51:55","date_gmt":"2016-08-25T19:51:55","guid":{"rendered":"http:\/\/rv.imux.it\/?page_id=239"},"modified":"2025-04-22T12:22:38","modified_gmt":"2025-04-22T14:22:38","slug":"willkommen","status":"publish","type":"page","link":"https:\/\/reitverein-oberursel.de\/?page_id=239","title":{"rendered":"Willkommen"},"content":{"rendered":"<p><img loading=\"lazy\" decoding=\"async\" class=\"size-full wp-image-170\" src=\"http:\/\/reitverein-oberursel.de\/wp-content\/uploads\/2016\/08\/START_04_ohne.jpg\" alt=\"OLYMPUS DIGITAL CAMERA\" width=\"644\" height=\"170\" srcset=\"https:\/\/reitverein-oberursel.de\/wp-content\/uploads\/2016\/08\/START_04_ohne.jpg 644w, https:\/\/reitverein-oberursel.de\/wp-content\/uploads\/2016\/08\/START_04_ohne-300x79.jpg 300w\" sizes=\"auto, (max-width: 644px) 100vw, 644px\" \/><\/p>\n<div class=\"wp-caption-dd\"><\/div>\n<h2>Herzlich Willkommen beim Reit- und Fahrverein St. Georg Oberursel-Bommersheim e.V.!<\/h2>\n<p>Traben Sie ruhig etwas n\u00e4her, wenn Sie mehr \u00fcber einen der gr\u00f6\u00dften und traditionsreichsten Reitvereine Hessens erfahren m\u00f6chten. Hier finden Sie viele Informationen zum aktuellen Vereinsgeschehen, zu Terminen, zu Unterstellm\u00f6glichkeiten f\u00fcr Ihr Pferd bei den verschiedenen ortsans\u00e4ssigen Landwirten sowie zum vielseitigen Reitangebot f\u00fcr Jung und Alt.<\/p>\n<p>Auf unserer gro\u00dfz\u00fcgigen Reitanlage mit zwei Hallen und (Turnier)-Au\u00dfenpl\u00e4tzen sowie einem separaten Longierplatz, steht unseren Mitgliedern qualifizierter Vereinsunterricht in Dressur, Springen und Voltigieren zur Verf\u00fcgung. Breitensportler haben dar\u00fcber hinaus die M\u00f6glichkeit, an Trail-Stunden teilzunehmen. Turniere in Springen und Dressur bis zur Klasse S, hochkar\u00e4tige Lehrg\u00e4nge, Reitabzeichenkurse, gemeinsame Ausritte (Bommersheimer Gel\u00e4ndetage) und vieles mehr runden dieses gro\u00dfe Angebot ab.<\/p>\n<p>Ob Freizeitreiter oder Turniersportler, ob Kind oder Erwachsener \u2013 seit mehr als 60 Jahren liegt es dem Reit- und Fahrverein St. Georg Oberursel-Bommersheim e.V. am Herzen, dass sich die Mitglieder und ihre vierbeinigen Partner gut aufgehoben und \u201efest im Sattel\u201c f\u00fchlen!<\/p>\n<table style=\"width: 100%; border-collapse: collapse; border-style: hidden;\" border=\"0\">\n<tbody>\n<tr>\n<td style=\"width: 50%; border-style: hidden; text-align: center;\"><img loading=\"lazy\" decoding=\"async\" class=\"alignnone wp-image-1346\" src=\"http:\/\/reitverein-oberursel.de\/wp-content\/uploads\/2018\/02\/PSVH_Wappen_HQ-274x300.jpg\" alt=\"\" width=\"150\" height=\"164\" srcset=\"https:\/\/reitverein-oberursel.de\/wp-content\/uploads\/2018\/02\/PSVH_Wappen_HQ-274x300.jpg 274w, https:\/\/reitverein-oberursel.de\/wp-content\/uploads\/2018\/02\/PSVH_Wappen_HQ-768x840.jpg 768w, https:\/\/reitverein-oberursel.de\/wp-content\/uploads\/2018\/02\/PSVH_Wappen_HQ-936x1024.jpg 936w\" sizes=\"auto, (max-width: 150px) 100vw, 150px\" \/><br \/>\n<a href=\"http:\/\/www.psv-hessen.de\">www.psv-hessen.de<\/a><\/td>\n<td style=\"width: 50%; vertical-align: bottom; border-style: hidden; text-align: center;\"><span style=\"line-height: 1.6;\"><img loading=\"lazy\" decoding=\"async\" class=\"aligncenter size-medium wp-image-4598\" src=\"https:\/\/reitverein-oberursel.de\/wp-content\/uploads\/2025\/04\/sponsoren_Sparkasse_2025-300x54.png\" alt=\"\" width=\"300\" height=\"54\" srcset=\"https:\/\/reitverein-oberursel.de\/wp-content\/uploads\/2025\/04\/sponsoren_Sparkasse_2025-300x54.png 300w, https:\/\/reitverein-oberursel.de\/wp-content\/uploads\/2025\/04\/sponsoren_Sparkasse_2025-1024x184.png 1024w, https:\/\/reitverein-oberursel.de\/wp-content\/uploads\/2025\/04\/sponsoren_Sparkasse_2025-768x138.png 768w, https:\/\/reitverein-oberursel.de\/wp-content\/uploads\/2025\/04\/sponsoren_Sparkasse_2025.png 1472w\" sizes=\"auto, (max-width: 300px) 100vw, 300px\" \/><\/span><\/td>\n<\/tr>\n<\/tbody>\n<\/table>\n<table border=\"0px\" frame=\"void\" cellspacing=\"0\" cellpadding=\"0\">\n<tbody>\n<tr>\n<td style=\"border-width: 0px; text-align: center;\"><\/td>\n<td style=\"border-width: 0px; text-align: center;\"><\/td>\n<td style=\"border-width: 0px; text-align: center;\"><\/td>\n<\/tr>\n<tr>\n<td style=\"border-width: 0px; text-align: center;\"><\/td>\n<td style=\"border-width: 0px; text-align: center;\"><\/td>\n<td style=\"border-width: 0px; text-align: center;\"><\/td>\n<\/tr>\n<\/tbody>\n<\/table>\n<p style=\"padding-left: 30px; text-align: center;\"><span style=\"line-height: 1.6;\">\u00a0 \u00a0 \u00a0 \u00a0 \u00a0 \u00a0 \u00a0 \u00a0 \u00a0 \u00a0 \u00a0 \u00a0 \u00a0 \u00a0 \u00a0 \u00a0 \u00a0 \u00a0 \u00a0 \u00a0 \u00a0 \u00a0 \u00a0 \u00a0 \u00a0 \u00a0 \u00a0 \u00a0 \u00a0 \u00a0 \u00a0\u00a0 \u00a0 \u00a0 \u00a0 \u00a0 \u00a0 \u00a0 \u00a0<\/span><\/p>\n","protected":false},"excerpt":{"rendered":"<p>Herzlich Willkommen beim Reit- und Fahrverein St. Georg Oberursel-Bommersheim e.V.! Traben Sie ruhig etwas n\u00e4her, wenn Sie mehr \u00fcber einen der gr\u00f6\u00dften und traditionsreichsten Reitvereine Hessens erfahren m\u00f6chten. Hier finden Sie viele Informationen zum aktuellen Vereinsgeschehen, zu Terminen, zu Unterstellm\u00f6glichkeiten f\u00fcr Ihr Pferd bei den verschiedenen ortsans\u00e4ssigen Landwirten sowie zum vielseitigen Reitangebot f\u00fcr Jung und [&hellip;]<\/p>\n","protected":false},"author":1,"featured_media":0,"parent":0,"menu_order":0,"comment_status":"closed","ping_status":"closed","template":"","meta":{"footnotes":""},"class_list":["post-239","page","type-page","status-publish","hentry"],"_links":{"self":[{"href":"https:\/\/reitverein-oberursel.de\/index.php?rest_route=\/wp\/v2\/pages\/239","targetHints":{"allow":["GET"]}}],"collection":[{"href":"https:\/\/reitverein-oberursel.de\/index.php?rest_route=\/wp\/v2\/pages"}],"about":[{"href":"https:\/\/reitverein-oberursel.de\/index.php?rest_route=\/wp\/v2\/types\/page"}],"author":[{"embeddable":true,"href":"https:\/\/reitverein-oberursel.de\/index.php?rest_route=\/wp\/v2\/users\/1"}],"replies":[{"embeddable":true,"href":"https:\/\/reitverein-oberursel.de\/index.php?rest_route=%2Fwp%2Fv2%2Fcomments&post=239"}],"version-history":[{"count":22,"href":"https:\/\/reitverein-oberursel.de\/index.php?rest_route=\/wp\/v2\/pages\/239\/revisions"}],"predecessor-version":[{"id":4605,"href":"https:\/\/reitverein-oberursel.de\/index.php?rest_route=\/wp\/v2\/pages\/239\/revisions\/4605"}],"wp:attachment":[{"href":"https:\/\/reitverein-oberursel.de\/index.php?rest_route=%2Fwp%2Fv2%2Fmedia&parent=239"}],"curies":[{"name":"wp","href":"https:\/\/api.w.org\/{rel}","templated":true}]}}