{"id":3662,"date":"2022-12-09T15:34:07","date_gmt":"2022-12-09T17:34:07","guid":{"rendered":"https:\/\/reitverein-oberursel.de\/?page_id=3662"},"modified":"2022-12-09T15:48:19","modified_gmt":"2022-12-09T17:48:19","slug":"unser-mitgliederportal","status":"publish","type":"page","link":"https:\/\/reitverein-oberursel.de\/?page_id=3662","title":{"rendered":"Unser Mitgliederportal"},"content":{"rendered":"\n<p>Unser geschlossenes Online-Portal ist Ihre Schnittstelle zur Vereinsverwaltung. Sie erreichen es unter <a href=\"https:\/\/server50.sewobe.de\/webportal\/login?MANDANT_KEY=bed1f76bd0d7e792f15e1ba18dff7bde\" target=\"_blank\" rel=\"noopener\" data-cke-saved-href=\"https:\/\/server50.sewobe.de\/webportal\/login?MANDANT_KEY=bed1f76bd0d7e792f15e1ba18dff7bde\">https:\/\/server50.sewobe.de\/webportal\/login<\/a><br \/>Im Portal k\u00f6nnen Sie Ihre pers\u00f6nlichen Daten \u00e4ndern, Dokumente einsehen sowie Ihren Beitragsstatus abrufen. \u00c4nderungen werden \u00fcber eine sichere Verbindung direkt in die Datenbank \u00fcbertragen.<\/p>\n<p>Sie haben keine Zugangsdaten? Dann melden Sie sich unter <a href=\"mailto:mitgliederverwaltung@reitverein-oberursel.de\" target=\"_blank\" rel=\"noopener\">mitgliederverwaltung(at)reitverein-oberursel.de<\/a><\/p>\n<p>Folgende Funktionen bietet das Mitgliederportal:<\/p>\n<ul>\n<li><u><strong>Profil<\/strong><\/u><br \/>\u00dcber &#8222;Profil&#8220; k\u00f6nnen Sie\u00a0Ihre pers\u00f6nlichen Daten wie beispielsweise\u00a0Adresse,\u00a0Kontodaten, Kontaktdaten, etc. einsehen und sollen bei Bedarf (z.B. Umzug oder Kontowechsel)\u00a0<strong>\u00c4nderungen selbst vornehmen<\/strong>.\u00a0<br \/>Klicken Sie dazu auf &#8222;Profil&#8220; dann\u00a0in der Zeile &#8222;Adressdaten&#8220; auf den\u00a0blauen Button &#8222;Adresse bearbeiten&#8220; und Sie k\u00f6nnen s\u00e4mtliche Daten (u.a. die H\u00f6he Ihrer hinterlegten Kaution) einsehen\u00a0und zum Gro\u00dfteil\u00a0selbst bearbeiten.\u00a0<br \/><u><strong>Alle aktiven Mitglieder bitten wir an dieser Stelle in der letzten Zeile der Kategorie &#8222;Weitere Daten&#8220; die Kennzeichen Ihrer Pferdeanh\u00e4nger einzutragen, falls Sie diese auf der Anlage parken.<\/strong><\/u><br \/><br \/><\/li>\n<li><u><strong>Dokumente<\/strong><\/u><br \/>Hier werden Ihre pers\u00f6nlichen Dokumente wie Rechnungen, Rundmails, Best\u00e4tigungen, Schriftwechsel, etc. aber auch allgemeine Dokumente wie die Vereinssatzung, der St. Georg&#8217;s Bote, etc. gespeichert.\u00a0<br \/><br \/><\/li>\n<li><strong><u>Finanzstatus<\/u><\/strong><br \/>Der Finanzstatus zeigt eine \u00dcbersicht Ihrer gezahlten und offenen Beitr\u00e4ge.\u00a0<\/li>\n<\/ul>\n<p>Das Mitgliederportal gibt es auch als App.\u00a0Um sich im &#8222;MemberPORTAL&#8220; einzuloggen, ben\u00f6tigen Sie folgende Zugangsnummer. Zugangsnummer:\u00a0<strong>250<\/strong><br \/>Link zur Android-App: <a href=\"https:\/\/apps.apple.com\/de\/app\/memberportal\/id1614618383\" target=\"_blank\" rel=\"noopener\">https:\/\/play.google.com\/store\/apps\/details?id=de.sewobe.portalapp&amp;gl=US&amp;pli=1<\/a><br \/>Link zur IOS-App: <a href=\"https:\/\/apps.apple.com\/de\/app\/memberportal\/id1614618383\" target=\"_blank\" rel=\"noopener\">https:\/\/apps.apple.com\/de\/app\/memberportal\/id1614618383<\/a><\/p>\n","protected":false},"excerpt":{"rendered":"<p>Unser geschlossenes Online-Portal ist Ihre Schnittstelle zur Vereinsverwaltung. Sie erreichen es unter https:\/\/server50.sewobe.de\/webportal\/loginIm Portal k\u00f6nnen Sie Ihre pers\u00f6nlichen Daten \u00e4ndern, Dokumente einsehen sowie Ihren Beitragsstatus abrufen. \u00c4nderungen werden \u00fcber eine sichere Verbindung direkt in die Datenbank \u00fcbertragen. Sie haben keine Zugangsdaten? Dann melden Sie sich unter mitgliederverwaltung(at)reitverein-oberursel.de Folgende Funktionen bietet das Mitgliederportal: Profil\u00dcber &#8222;Profil&#8220; k\u00f6nnen [&hellip;]<\/p>\n","protected":false},"author":1,"featured_media":0,"parent":0,"menu_order":0,"comment_status":"closed","ping_status":"closed","template":"","meta":{"footnotes":""},"class_list":["post-3662","page","type-page","status-publish","hentry"],"_links":{"self":[{"href":"https:\/\/reitverein-oberursel.de\/index.php?rest_route=\/wp\/v2\/pages\/3662","targetHints":{"allow":["GET"]}}],"collection":[{"href":"https:\/\/reitverein-oberursel.de\/index.php?rest_route=\/wp\/v2\/pages"}],"about":[{"href":"https:\/\/reitverein-oberursel.de\/index.php?rest_route=\/wp\/v2\/types\/page"}],"author":[{"embeddable":true,"href":"https:\/\/reitverein-oberursel.de\/index.php?rest_route=\/wp\/v2\/users\/1"}],"replies":[{"embeddable":true,"href":"https:\/\/reitverein-oberursel.de\/index.php?rest_route=%2Fwp%2Fv2%2Fcomments&post=3662"}],"version-history":[{"count":4,"href":"https:\/\/reitverein-oberursel.de\/index.php?rest_route=\/wp\/v2\/pages\/3662\/revisions"}],"predecessor-version":[{"id":3668,"href":"https:\/\/reitverein-oberursel.de\/index.php?rest_route=\/wp\/v2\/pages\/3662\/revisions\/3668"}],"wp:attachment":[{"href":"https:\/\/reitverein-oberursel.de\/index.php?rest_route=%2Fwp%2Fv2%2Fmedia&parent=3662"}],"curies":[{"name":"wp","href":"https:\/\/api.w.org\/{rel}","templated":true}]}}